{"id":3917,"date":"2018-10-04T06:48:13","date_gmt":"2018-10-04T04:48:13","guid":{"rendered":"https:\/\/hotelghiffa.it\/contatti\/"},"modified":"2020-07-06T15:38:11","modified_gmt":"2020-07-06T13:38:11","slug":"contacts","status":"publish","type":"page","link":"https:\/\/hotelghiffa.it\/fr\/contacts\/","title":{"rendered":"Contacts"},"content":{"rendered":"<div class=\"wpb-content-wrapper\"><p>[vc_row css=&#8221;.vc_custom_1540924347661{margin-right: 0px !important;margin-left: 0px !important;}&#8221;][vc_column css=&#8221;.vc_custom_1538658836081{padding-top: 0px !important;padding-right: 0px !important;padding-bottom: 0px !important;padding-left: 0px !important;}&#8221;]<!--================ Section Heading ================-->\n<script>\n    (function($){\n        'use strict';\n\n        if(!$) return;\n\n        $(function(){\n            if(window.appear) {\n                appear({\n                    elements: function(){\n                        return document.querySelectorAll('#vc-milenia-section-heading-80a5ff1a3b410c7eb80005431defe9cb-1775538275360099863');\n                    },\n                    appear: function(element) {\n                        var $el = $(element);\n                        $el.addClass('milenia-visible').addClass($el.data('animation'));\n                    },\n                    reappear: false,\n                    bounds: -200\n                });\n            }\n        });\n    })(window.jQuery);\n<\/script>\n<div id=\"vc-milenia-section-heading-80a5ff1a3b410c7eb80005431defe9cb-1775538275360099863\" class=\"milenia-section-heading text-center  milenia-visible\" data-animation=\"none\">\n    <h6 class=\"milenia-section-subtitle milenia-font--like-body\" style=\"font-size: 14px;line-height: 20px;letter-spacing: 4.2px;margin-bottom: 10px;text-transform: uppercase;font-style: normal;font-weight: 400;\">Demandez des informations<\/h6>\n\n    \n    <p class=\"milenia-section-description milenia-font--like-body\" style=\"font-size: 18px;line-height: 30px;text-transform: none;font-style: normal;font-weight: 400;\">Si vous souhaitez avoir plus d\u2019informations sur notre H\u00f4tel et les services offerts, contacteznous sans engagement, nous vous r\u00e9pondrons le plus rapidement possible.<\/p>\n\n<\/div>\n<!--================ End of Section Heading ================-->\n[vc_empty_space height=&#8221;60px&#8221;]<!--================ Icon Boxes ================-->\n<script>\n    (function($){\n        'use strict';\n\n        if(!$) return;\n\n        $(function(){\n            var $container = $('#vc-milenia-info-boxes-7830e659a8a8d8878a59883852335dd8-17755382751010231808');\n\n            if(!$container.length) return;\n\n            if(window.appear) {\n                appear({\n                    elements: function(){\n                        return document.querySelectorAll('#vc-milenia-info-boxes-7830e659a8a8d8878a59883852335dd8-17755382751010231808');\n                    },\n                    appear: function(element) {\n                        var $el = $(element);\n                        $el.addClass('milenia-visible').addClass($el.data('animation'));\n                    },\n                    reappear: false,\n                    bounds: -200\n                });\n            }\n\n            if(window.Milenia && window.Milenia.LinkUnderliner) {\n                window.Milenia.LinkUnderliner.init($container.find('a'));\n            }\n        });\n    })(window.jQuery);\n<\/script>\n\n<div id=\"vc-milenia-info-boxes-7830e659a8a8d8878a59883852335dd8-17755382751010231808\" class=\"milenia-icon-boxes milenia-icon-boxes--style-1 milenia-visible\" data-animation=\"none\">\n    <div class=\"milenia-grid milenia-grid--cols-3\">\n        <!--================ Icon Box ================-->\n<div class=\"milenia-grid-item\">\n    <article class=\"milenia-icon-box milenia-aligner\">\n        <div class=\"milenia-aligner-outer\">\n            <div class=\"milenia-aligner-inner\">\n                <span class=\"milenia-icon-box-icon milenia-font-icon-mobile\"><\/span>\n\n                <div class=\"milenia-icon-box-content\">\n                    <h2 class=\"milenia-icon-box-title\">T\u00e9l\u00e9phone<\/h2>\n                    <p>Appelez-nous au num\u00e9ro<br \/>\n+39 0323 59285<\/p>\n\n                <\/div>\n            <\/div>\n        <\/div>\n\n        \n    <\/article>\n<\/div>\n<!--================ Icon Box ================-->\n\r\n<!--================ Icon Box ================-->\n<div class=\"milenia-grid-item\">\n    <article class=\"milenia-icon-box milenia-aligner\">\n        <div class=\"milenia-aligner-outer\">\n            <div class=\"milenia-aligner-inner\">\n                <span class=\"milenia-icon-box-icon milenia-font-icon-paper-pencil\"><\/span>\n\n                <div class=\"milenia-icon-box-content\">\n                    <h2 class=\"milenia-icon-box-title\">Email<\/h2>\n                    <p>Envoyez-nous un e-mail<br \/>\ninfo@hotelghiffa.com<\/p>\n\n                <\/div>\n            <\/div>\n        <\/div>\n\n        \n    <\/article>\n<\/div>\n<!--================ Icon Box ================-->\n\r\n<!--================ Icon Box ================-->\n<div class=\"milenia-grid-item\">\n    <article class=\"milenia-icon-box milenia-aligner\">\n        <div class=\"milenia-aligner-outer\">\n            <div class=\"milenia-aligner-inner\">\n                <span class=\"milenia-icon-box-icon milenia-font-icon-double-bed\"><\/span>\n\n                <div class=\"milenia-icon-box-content\">\n                    <h2 class=\"milenia-icon-box-title\">Adresse<\/h2>\n                    <p>Corso Belvedere, 88<br \/>\n28823 Ghiffa (VB) - Italia <\/p>\n\n                <\/div>\n            <\/div>\n        <\/div>\n\n        \n    <\/article>\n<\/div>\n<!--================ Icon Box ================-->\n\n    <\/div>\n<\/div>\n<!--================ Icon Boxes ================-->\n[\/vc_column][\/vc_row][vc_row full_width=&#8221;stretch_row_content_no_spaces&#8221; css=&#8221;.vc_custom_1560177457708{margin-bottom: 0px !important;padding-bottom: 0px !important;}&#8221;][vc_column]<!--================ Flexible Grid ================-->\n<script>\n    (function($){\n        'use strict';\n\n        if(!$) return;\n\n        $(function(){\n            if(window.appear) {\n                appear({\n                    elements: function(){\n                        return document.querySelectorAll('#vc-milenia-flexible-grid-container-26b7c318225c76f86fb1aaf683a363f0-177553827521361993');\n                    },\n                    appear: function(element) {\n                        var $el = $(element);\n                        $el.addClass('milenia-visible').addClass($el.data('animation'));\n                    },\n                    reappear: false,\n                    bounds: -200\n                });\n            }\n        });\n    })(window.jQuery);\n<\/script>\n<div id=\"vc-milenia-flexible-grid-container-26b7c318225c76f86fb1aaf683a363f0-177553827521361993\" class=\"milenia-flexible-grid vc_custom_1585579385092 milenia-visible\" data-animation=\"none\">\n    <!--================ Flexible Grid Column ================-->\n<div id=\"vc-milenia-flexible-grid-col-65dff9cd8444561d7e7e6865286c768b-1775538275454931426\" class=\"milenia-aligner milenia-aligner--valign-top text-left milenia-flexible-grid-col-12 milenia-flexible-grid-col-xxxl-6 milenia-flexible-grid-col-xxl-6 milenia-flexible-grid-col-xl-6 milenia-flexible-grid-col-lg-6 milenia-flexible-grid-col-md-12 milenia-flexible-grid-col-sm-12 milenia-visible\" data-compose-mode-col-classes=\"milenia-aligner--valign-top text-left milenia-flexible-grid-col-12 milenia-flexible-grid-col-xxxl-6 milenia-flexible-grid-col-xxl-6 milenia-flexible-grid-col-xl-6 milenia-flexible-grid-col-lg-6 milenia-flexible-grid-col-md-12 milenia-flexible-grid-col-sm-12 milenia-visible\" data-css-row=\"#vc-milenia-flexible-grid-col-65dff9cd8444561d7e7e6865286c768b-1775538275454931426{padding-top:90px;padding-right:30px;padding-bottom:90px;padding-left:30px;}\">\n    <div class=\"milenia-aligner-outer\">\n        <div class=\"milenia-aligner-inner\">\n            [vc_single_image image=&#8221;3385&#8243; img_size=&#8221;full&#8221; alignment=&#8221;center&#8221; onclick=&#8221;custom_link&#8221; img_link_target=&#8221;_blank&#8221; link=&#8221;https:\/\/bit.ly\/2K97ws4&#8243;]\n        <\/div>\n    <\/div>\n    <div class=\"milenia-colorizer-functionality\"  data-bg-image-src=\"https:\/\/hotelghiffa.it\/wp-content\/uploads\/2019\/06\/mappa.jpg\" data-bg-image-opacity=\"1\"><\/div>\n    <script>\n        (function($){\n            'use strict';\n\n            if(!$) return;\n\n            $(function() {\n                var $container = $('#vc-milenia-flexible-grid-col-65dff9cd8444561d7e7e6865286c768b-1775538275454931426'), script, $colorizer;\n\n                if(!$container.length) return;\n\n                if(window.appear) {\n                    appear({\n                        elements: function(){\n                            return document.querySelectorAll('#vc-milenia-flexible-grid-col-65dff9cd8444561d7e7e6865286c768b-1775538275454931426');\n                        },\n                        appear: function(element) {\n                            var $el = $(element);\n                            $el.addClass('milenia-visible').addClass($el.data('animation'));\n                        },\n                        reappear: false,\n                        bounds: -200\n                    });\n                }\n\n                if($.Milenia && $.Milenia.helpers && $.Milenia.helpers.composerFlexibleGrid) {\n                    $.Milenia.helpers.composerFlexibleGrid.init($container);\n                }\n\n                script = $container.find('script');\n                $colorizer = $container.find('[class*=\"milenia-colorizer-\"]');\n\n                if(script.length) script.not(script.first()).remove();\n                if($colorizer.length) {\n                    $colorizer.not($colorizer.first()).remove();\n                    if(window.Milenia && window.Milenia.helpers && window.Milenia.helpers.Colorizer) window.Milenia.helpers.Colorizer.init($colorizer);\n                }\n            });\n        })(window.jQuery);\n    <\/script>\n<\/div>\n<!--================ End of Flexible Grid Column  ================-->\n<!--================ Flexible Grid Column ================-->\n<div id=\"vc-milenia-flexible-grid-col-e61e3d72f5ef019b63b50f2c4fa33527-17755382751104723013\" class=\"milenia-aligner milenia-aligner--valign-middle text-center milenia-flexible-grid-col-12 milenia-flexible-grid-col-xxxl-6 milenia-flexible-grid-col-xxl-6 milenia-flexible-grid-col-xl-6 milenia-flexible-grid-col-lg-6 milenia-flexible-grid-col-md-12 milenia-flexible-grid-col-sm-12 milenia-visible\" data-compose-mode-col-classes=\"milenia-aligner--valign-middle text-center milenia-flexible-grid-col-12 milenia-flexible-grid-col-xxxl-6 milenia-flexible-grid-col-xxl-6 milenia-flexible-grid-col-xl-6 milenia-flexible-grid-col-lg-6 milenia-flexible-grid-col-md-12 milenia-flexible-grid-col-sm-12 milenia-visible\" data-css-row=\"#vc-milenia-flexible-grid-col-e61e3d72f5ef019b63b50f2c4fa33527-17755382751104723013{padding-top:90px;padding-right:30px;padding-bottom:90px;padding-left:30px;}@media all and (min-width: 1600px){#vc-milenia-flexible-grid-col-e61e3d72f5ef019b63b50f2c4fa33527-17755382751104723013{padding-right:128px;padding-left:128px;}}\">\n    <div class=\"milenia-aligner-outer\">\n        <div class=\"milenia-aligner-inner\">\n            [vc_column_text]<\/p>\n<h3 style=\"text-align: center; color: #fff;\">Invia una richiesta<\/h3>\n<p>[\/vc_column_text][vc_empty_space]\n<div class=\"wpcf7 no-js\" id=\"wpcf7-f981-o1\" lang=\"it-IT\" dir=\"ltr\" data-wpcf7-id=\"981\">\n<div class=\"screen-reader-response\"><p role=\"status\" aria-live=\"polite\" aria-atomic=\"true\"><\/p> <ul><\/ul><\/div>\n<form action=\"\/fr\/wp-json\/wp\/v2\/pages\/3917#wpcf7-f981-o1\" method=\"post\" class=\"wpcf7-form init\" aria-label=\"Modulo di contatto\" novalidate=\"novalidate\" data-status=\"init\">\n<fieldset class=\"hidden-fields-container\"><input type=\"hidden\" name=\"_wpcf7\" value=\"981\" \/><input type=\"hidden\" name=\"_wpcf7_version\" value=\"6.1.5\" \/><input type=\"hidden\" name=\"_wpcf7_locale\" value=\"it_IT\" \/><input type=\"hidden\" name=\"_wpcf7_unit_tag\" value=\"wpcf7-f981-o1\" \/><input type=\"hidden\" name=\"_wpcf7_container_post\" value=\"0\" \/><input type=\"hidden\" name=\"_wpcf7_posted_data_hash\" value=\"\" \/><input type=\"hidden\" name=\"_wpcf7_recaptcha_response\" value=\"\" \/>\n<\/fieldset>\n<div class=\"form-group\">\n\t<div class=\"form-col\">\n\t\t<p><span class=\"wpcf7-form-control-wrap\" data-name=\"your-name\"><input size=\"40\" maxlength=\"400\" class=\"wpcf7-form-control wpcf7-text wpcf7-validates-as-required\" aria-required=\"true\" aria-invalid=\"false\" placeholder=\"Nome Cognome*\" value=\"\" type=\"text\" name=\"your-name\" \/><\/span>\n\t\t<\/p>\n\t<\/div>\n<\/div>\n<div class=\"form-group\">\n\t<div class=\"form-col\">\n\t\t<p><span class=\"wpcf7-form-control-wrap\" data-name=\"telefono\"><input size=\"40\" maxlength=\"400\" class=\"wpcf7-form-control wpcf7-text\" aria-invalid=\"false\" placeholder=\"Telefono*\" value=\"\" type=\"text\" name=\"telefono\" \/><\/span>\n\t\t<\/p>\n\t<\/div>\n<\/div>\n<div class=\"form-group\">\n\t<div class=\"form-col\">\n\t\t<p><span class=\"wpcf7-form-control-wrap\" data-name=\"your-email\"><input size=\"40\" maxlength=\"400\" class=\"wpcf7-form-control wpcf7-email wpcf7-validates-as-required wpcf7-text wpcf7-validates-as-email\" aria-required=\"true\" aria-invalid=\"false\" placeholder=\"Email*\" value=\"\" type=\"email\" name=\"your-email\" \/><\/span>\n\t\t<\/p>\n\t<\/div>\n<\/div>\n<div class=\"form-group\">\n\t<div class=\"form-col\">\n\t\t<p><span class=\"wpcf7-form-control-wrap\" data-name=\"your-message\"><textarea cols=\"40\" rows=\"6\" maxlength=\"2000\" class=\"wpcf7-form-control wpcf7-textarea\" aria-invalid=\"false\" placeholder=\"Messaggio*\" name=\"your-message\"><\/textarea><\/span>\n\t\t<\/p>\n\t<\/div>\n<\/div>\n<p style=\"color:#fff\">Inviando il messaggio dichiaro di aver letto la Privacy Policy\n<\/p>\n<div class=\"form-group\">\n\t<div class=\"form-col\">\n\t\t<p><input class=\"wpcf7-form-control wpcf7-submit has-spinner milenia-btn milenia-btn--scheme-dark milenia-btn--unbordered\" type=\"submit\" value=\"Invia richiesta\" \/>\n\t\t<\/p>\n\t<\/div>\n<\/div><div class=\"wpcf7-response-output\" aria-hidden=\"true\"><\/div>\n<\/form>\n<\/div>\n\n        <\/div>\n    <\/div>\n    <div class=\"milenia-colorizer--scheme-secondary\"   data-bg-image-opacity=\"1\"><\/div>\n    <script>\n        (function($){\n            'use strict';\n\n            if(!$) return;\n\n            $(function() {\n                var $container = $('#vc-milenia-flexible-grid-col-e61e3d72f5ef019b63b50f2c4fa33527-17755382751104723013'), script, $colorizer;\n\n                if(!$container.length) return;\n\n                if(window.appear) {\n                    appear({\n                        elements: function(){\n                            return document.querySelectorAll('#vc-milenia-flexible-grid-col-e61e3d72f5ef019b63b50f2c4fa33527-17755382751104723013');\n                        },\n                        appear: function(element) {\n                            var $el = $(element);\n                            $el.addClass('milenia-visible').addClass($el.data('animation'));\n                        },\n                        reappear: false,\n                        bounds: -200\n                    });\n                }\n\n                if($.Milenia && $.Milenia.helpers && $.Milenia.helpers.composerFlexibleGrid) {\n                    $.Milenia.helpers.composerFlexibleGrid.init($container);\n                }\n\n                script = $container.find('script');\n                $colorizer = $container.find('[class*=\"milenia-colorizer-\"]');\n\n                if(script.length) script.not(script.first()).remove();\n                if($colorizer.length) {\n                    $colorizer.not($colorizer.first()).remove();\n                    if(window.Milenia && window.Milenia.helpers && window.Milenia.helpers.Colorizer) window.Milenia.helpers.Colorizer.init($colorizer);\n                }\n            });\n        })(window.jQuery);\n    <\/script>\n<\/div>\n<!--================ End of Flexible Grid Column  ================-->\n\n<\/div>\n<!--================ End of Flexible Grid ================-->\n[\/vc_column][\/vc_row][vc_row full_width=&#8221;stretch_row_content_no_spaces&#8221; content_placement=&#8221;middle&#8221; parallax=&#8221;content-moving&#8221; parallax_image=&#8221;3169&#8243; css=&#8221;.vc_custom_1560181456434{padding-top: 300px !important;padding-bottom: 300px !important;}&#8221;][vc_column][vc_column_text]<\/p>\n<h1 style=\"text-align: center;\"><span class=\"bianco\">R\u00e9servez vos vacances <span class=\"tortora\">d\u00e8s \u00e0 pr\u00e9sent<\/span><\/span><\/h1>\n<p>[\/vc_column_text][\/vc_column][\/vc_row]<\/p>\n<\/div>","protected":false},"excerpt":{"rendered":"<p>[vc_row css=&#8221;.vc_custom_1540924347661{margin-right: 0px !important;margin-left: 0px !important;}&#8221;][vc_column css=&#8221;.vc_custom_1538658836081{padding-top: 0px !important;padding-right: 0px !important;padding-bottom: 0px !important;padding-left: 0px !important;}&#8221;][vc_empty_space height=&#8221;60px&#8221;][\/vc_column][\/vc_row][vc_row full_width=&#8221;stretch_row_content_no_spaces&#8221; css=&#8221;.vc_custom_1560177457708{margin-bottom:&#8230;<\/p>\n","protected":false},"author":1,"featured_media":0,"parent":0,"menu_order":0,"comment_status":"closed","ping_status":"closed","template":"","meta":{"footnotes":"","_links_to":"","_links_to_target":""},"class_list":["post-3917","page","type-page","status-publish","hentry"],"yoast_head":"<!-- This site is optimized with the Yoast SEO plugin v27.2 - https:\/\/yoast.com\/product\/yoast-seo-wordpress\/ -->\n<title>Hotel Ghiffa | Prenota ora | Vacanze a Verbania Lago Maggiore<\/title>\n<meta name=\"description\" content=\"Prenota ora la tua vacanza all&#039;Hotel Ghiffa o contattaci per maggiori informazioni per cerimonie ed eventi in una delle Location pi\u00f9 belle del Lago Maggiore\" \/>\n<meta name=\"robots\" content=\"index, follow, max-snippet:-1, max-image-preview:large, max-video-preview:-1\" \/>\n<link rel=\"canonical\" href=\"https:\/\/hotelghiffa.it\/fr\/contacts\/\" \/>\n<meta property=\"og:locale\" content=\"fr_FR\" \/>\n<meta property=\"og:type\" content=\"article\" \/>\n<meta property=\"og:title\" content=\"Hotel Ghiffa | Prenota ora | Vacanze a Verbania Lago Maggiore\" \/>\n<meta property=\"og:description\" content=\"Prenota ora la tua vacanza all&#039;Hotel Ghiffa o contattaci per maggiori informazioni per cerimonie ed eventi in una delle Location pi\u00f9 belle del Lago Maggiore\" \/>\n<meta property=\"og:url\" content=\"https:\/\/hotelghiffa.it\/fr\/contacts\/\" \/>\n<meta property=\"og:site_name\" content=\"Hotel Ghiffa\" \/>\n<meta property=\"article:modified_time\" content=\"2020-07-06T13:38:11+00:00\" \/>\n<meta name=\"twitter:card\" content=\"summary_large_image\" \/>\n<meta name=\"twitter:label1\" content=\"Dur\u00e9e de lecture estim\u00e9e\" \/>\n\t<meta name=\"twitter:data1\" content=\"2 minutes\" \/>\n<script type=\"application\/ld+json\" class=\"yoast-schema-graph\">{\"@context\":\"https:\/\/schema.org\",\"@graph\":[{\"@type\":\"WebPage\",\"@id\":\"https:\/\/hotelghiffa.it\/fr\/contacts\/\",\"url\":\"https:\/\/hotelghiffa.it\/fr\/contacts\/\",\"name\":\"Hotel Ghiffa | Prenota ora | Vacanze a Verbania Lago Maggiore\",\"isPartOf\":{\"@id\":\"https:\/\/hotelghiffa.it\/#website\"},\"datePublished\":\"2018-10-04T04:48:13+00:00\",\"dateModified\":\"2020-07-06T13:38:11+00:00\",\"description\":\"Prenota ora la tua vacanza all'Hotel Ghiffa o contattaci per maggiori informazioni per cerimonie ed eventi in una delle Location pi\u00f9 belle del Lago Maggiore\",\"breadcrumb\":{\"@id\":\"https:\/\/hotelghiffa.it\/fr\/contacts\/#breadcrumb\"},\"inLanguage\":\"fr-FR\",\"potentialAction\":[{\"@type\":\"ReadAction\",\"target\":[\"https:\/\/hotelghiffa.it\/fr\/contacts\/\"]}]},{\"@type\":\"BreadcrumbList\",\"@id\":\"https:\/\/hotelghiffa.it\/fr\/contacts\/#breadcrumb\",\"itemListElement\":[{\"@type\":\"ListItem\",\"position\":1,\"name\":\"Home\",\"item\":\"https:\/\/hotelghiffa.it\/fr\/\"},{\"@type\":\"ListItem\",\"position\":2,\"name\":\"Contacts\"}]},{\"@type\":\"WebSite\",\"@id\":\"https:\/\/hotelghiffa.it\/#website\",\"url\":\"https:\/\/hotelghiffa.it\/\",\"name\":\"Hotel Ghiffa\",\"description\":\"Spiaggia, Piscina e Ristorante sul Lago Maggiore\",\"publisher\":{\"@id\":\"https:\/\/hotelghiffa.it\/#organization\"},\"potentialAction\":[{\"@type\":\"SearchAction\",\"target\":{\"@type\":\"EntryPoint\",\"urlTemplate\":\"https:\/\/hotelghiffa.it\/?s={search_term_string}\"},\"query-input\":{\"@type\":\"PropertyValueSpecification\",\"valueRequired\":true,\"valueName\":\"search_term_string\"}}],\"inLanguage\":\"fr-FR\"},{\"@type\":\"Organization\",\"@id\":\"https:\/\/hotelghiffa.it\/#organization\",\"name\":\"Hotel Ghiffa\",\"url\":\"https:\/\/hotelghiffa.it\/\",\"logo\":{\"@type\":\"ImageObject\",\"inLanguage\":\"fr-FR\",\"@id\":\"https:\/\/hotelghiffa.it\/#\/schema\/logo\/image\/\",\"url\":\"https:\/\/hotelghiffa.it\/wp-content\/uploads\/2018\/10\/logo-n.png\",\"contentUrl\":\"https:\/\/hotelghiffa.it\/wp-content\/uploads\/2018\/10\/logo-n.png\",\"width\":207,\"height\":52,\"caption\":\"Hotel Ghiffa\"},\"image\":{\"@id\":\"https:\/\/hotelghiffa.it\/#\/schema\/logo\/image\/\"},\"sameAs\":[\"https:\/\/www.instagram.com\/hotelghiffa\/?hl=it\"]}]}<\/script>\n<!-- \/ Yoast SEO plugin. -->","yoast_head_json":{"title":"Hotel Ghiffa | Prenota ora | Vacanze a Verbania Lago Maggiore","description":"Prenota ora la tua vacanza all'Hotel Ghiffa o contattaci per maggiori informazioni per cerimonie ed eventi in una delle Location pi\u00f9 belle del Lago Maggiore","robots":{"index":"index","follow":"follow","max-snippet":"max-snippet:-1","max-image-preview":"max-image-preview:large","max-video-preview":"max-video-preview:-1"},"canonical":"https:\/\/hotelghiffa.it\/fr\/contacts\/","og_locale":"fr_FR","og_type":"article","og_title":"Hotel Ghiffa | Prenota ora | Vacanze a Verbania Lago Maggiore","og_description":"Prenota ora la tua vacanza all'Hotel Ghiffa o contattaci per maggiori informazioni per cerimonie ed eventi in una delle Location pi\u00f9 belle del Lago Maggiore","og_url":"https:\/\/hotelghiffa.it\/fr\/contacts\/","og_site_name":"Hotel Ghiffa","article_modified_time":"2020-07-06T13:38:11+00:00","twitter_card":"summary_large_image","twitter_misc":{"Dur\u00e9e de lecture estim\u00e9e":"2 minutes"},"schema":{"@context":"https:\/\/schema.org","@graph":[{"@type":"WebPage","@id":"https:\/\/hotelghiffa.it\/fr\/contacts\/","url":"https:\/\/hotelghiffa.it\/fr\/contacts\/","name":"Hotel Ghiffa | Prenota ora | Vacanze a Verbania Lago Maggiore","isPartOf":{"@id":"https:\/\/hotelghiffa.it\/#website"},"datePublished":"2018-10-04T04:48:13+00:00","dateModified":"2020-07-06T13:38:11+00:00","description":"Prenota ora la tua vacanza all'Hotel Ghiffa o contattaci per maggiori informazioni per cerimonie ed eventi in una delle Location pi\u00f9 belle del Lago Maggiore","breadcrumb":{"@id":"https:\/\/hotelghiffa.it\/fr\/contacts\/#breadcrumb"},"inLanguage":"fr-FR","potentialAction":[{"@type":"ReadAction","target":["https:\/\/hotelghiffa.it\/fr\/contacts\/"]}]},{"@type":"BreadcrumbList","@id":"https:\/\/hotelghiffa.it\/fr\/contacts\/#breadcrumb","itemListElement":[{"@type":"ListItem","position":1,"name":"Home","item":"https:\/\/hotelghiffa.it\/fr\/"},{"@type":"ListItem","position":2,"name":"Contacts"}]},{"@type":"WebSite","@id":"https:\/\/hotelghiffa.it\/#website","url":"https:\/\/hotelghiffa.it\/","name":"Hotel Ghiffa","description":"Spiaggia, Piscina e Ristorante sul Lago Maggiore","publisher":{"@id":"https:\/\/hotelghiffa.it\/#organization"},"potentialAction":[{"@type":"SearchAction","target":{"@type":"EntryPoint","urlTemplate":"https:\/\/hotelghiffa.it\/?s={search_term_string}"},"query-input":{"@type":"PropertyValueSpecification","valueRequired":true,"valueName":"search_term_string"}}],"inLanguage":"fr-FR"},{"@type":"Organization","@id":"https:\/\/hotelghiffa.it\/#organization","name":"Hotel Ghiffa","url":"https:\/\/hotelghiffa.it\/","logo":{"@type":"ImageObject","inLanguage":"fr-FR","@id":"https:\/\/hotelghiffa.it\/#\/schema\/logo\/image\/","url":"https:\/\/hotelghiffa.it\/wp-content\/uploads\/2018\/10\/logo-n.png","contentUrl":"https:\/\/hotelghiffa.it\/wp-content\/uploads\/2018\/10\/logo-n.png","width":207,"height":52,"caption":"Hotel Ghiffa"},"image":{"@id":"https:\/\/hotelghiffa.it\/#\/schema\/logo\/image\/"},"sameAs":["https:\/\/www.instagram.com\/hotelghiffa\/?hl=it"]}]}},"_links":{"self":[{"href":"https:\/\/hotelghiffa.it\/fr\/wp-json\/wp\/v2\/pages\/3917","targetHints":{"allow":["GET"]}}],"collection":[{"href":"https:\/\/hotelghiffa.it\/fr\/wp-json\/wp\/v2\/pages"}],"about":[{"href":"https:\/\/hotelghiffa.it\/fr\/wp-json\/wp\/v2\/types\/page"}],"author":[{"embeddable":true,"href":"https:\/\/hotelghiffa.it\/fr\/wp-json\/wp\/v2\/users\/1"}],"replies":[{"embeddable":true,"href":"https:\/\/hotelghiffa.it\/fr\/wp-json\/wp\/v2\/comments?post=3917"}],"version-history":[{"count":4,"href":"https:\/\/hotelghiffa.it\/fr\/wp-json\/wp\/v2\/pages\/3917\/revisions"}],"predecessor-version":[{"id":3948,"href":"https:\/\/hotelghiffa.it\/fr\/wp-json\/wp\/v2\/pages\/3917\/revisions\/3948"}],"wp:attachment":[{"href":"https:\/\/hotelghiffa.it\/fr\/wp-json\/wp\/v2\/media?parent=3917"}],"curies":[{"name":"wp","href":"https:\/\/api.w.org\/{rel}","templated":true}]}}